{"id":122,"date":"2024-10-29T18:12:15","date_gmt":"2024-10-29T21:12:15","guid":{"rendered":"https:\/\/beehivehub.com.br\/?page_id=122"},"modified":"2025-01-06T12:08:18","modified_gmt":"2025-01-06T15:08:18","slug":"anne-de-paula","status":"publish","type":"page","link":"https:\/\/beehivehub.com.br\/en\/anne-de-paula\/","title":{"rendered":"Anne de Paula"},"content":{"rendered":"<div data-elementor-type=\"wp-page\" data-elementor-id=\"122\" class=\"elementor elementor-122\">\n\t\t\t\t<div class=\"elementor-element elementor-element-5030648 e-flex e-con-boxed wpr-particle-no wpr-jarallax-no wpr-parallax-no wpr-sticky-section-no e-con e-parent\" data-id=\"5030648\" data-element_type=\"container\" data-settings=\"{&quot;background_background&quot;:&quot;classic&quot;}\">\n\t\t\t\t\t<div class=\"e-con-inner\">\n\t\t<div class=\"elementor-element elementor-element-ac2e091 e-con-full e-flex wpr-particle-no wpr-jarallax-no wpr-parallax-no wpr-sticky-section-no e-con e-child\" data-id=\"ac2e091\" data-element_type=\"container\">\n\t\t\t\t<div class=\"elementor-element elementor-element-0d688c7 elementor-invisible elementor-widget elementor-widget-image\" data-id=\"0d688c7\" data-element_type=\"widget\" data-settings=\"{&quot;_animation&quot;:&quot;fadeInLeft&quot;,&quot;_animation_delay&quot;:200}\" data-widget_type=\"image.default\">\n\t\t\t\t<div class=\"elementor-widget-container\">\n\t\t\t\t\t\t\t\t\t\t\t\t\t\t\t<img fetchpriority=\"high\" decoding=\"async\" width=\"396\" height=\"385\" src=\"https:\/\/beehivehub.com.br\/wp-content\/uploads\/2024\/12\/Anne_Suellen.png\" class=\"attachment-large size-large wp-image-435\" alt=\"\" srcset=\"https:\/\/beehivehub.com.br\/wp-content\/uploads\/2024\/12\/Anne_Suellen.png 396w, https:\/\/beehivehub.com.br\/wp-content\/uploads\/2024\/12\/Anne_Suellen-300x292.png 300w\" sizes=\"(max-width: 396px) 100vw, 396px\" \/>\t\t\t\t\t\t\t\t\t\t\t\t\t\t\t<\/div>\n\t\t\t\t<\/div>\n\t\t\t\t<\/div>\n\t\t<div class=\"elementor-element elementor-element-296113a e-con-full e-flex wpr-particle-no wpr-jarallax-no wpr-parallax-no wpr-sticky-section-no e-con e-child\" data-id=\"296113a\" data-element_type=\"container\">\n\t\t\t\t<div class=\"elementor-element elementor-element-e97fcf5 elementor-invisible elementor-widget elementor-widget-heading\" data-id=\"e97fcf5\" data-element_type=\"widget\" data-settings=\"{&quot;_animation&quot;:&quot;fadeIn&quot;,&quot;_animation_delay&quot;:300}\" data-widget_type=\"heading.default\">\n\t\t\t\t<div class=\"elementor-widget-container\">\n\t\t\t\t\t<h1 class=\"elementor-heading-title elementor-size-default\">Anne <b>de Paula<\/b><\/h1>\t\t\t\t<\/div>\n\t\t\t\t<\/div>\n\t\t\t\t<div class=\"elementor-element elementor-element-4b44021 elementor-invisible elementor-widget elementor-widget-heading\" data-id=\"4b44021\" data-element_type=\"widget\" data-settings=\"{&quot;_animation&quot;:&quot;fadeIn&quot;,&quot;_animation_delay&quot;:400}\" data-widget_type=\"heading.default\">\n\t\t\t\t<div class=\"elementor-widget-container\">\n\t\t\t\t\t<h2 class=\"elementor-heading-title elementor-size-default\">CO-Founder Partner<\/h2>\t\t\t\t<\/div>\n\t\t\t\t<\/div>\n\t\t\t\t<div class=\"elementor-element elementor-element-d663719 elementor-shape-circle e-grid-align-left e-grid-align-mobile-center elementor-grid-0 elementor-invisible elementor-widget elementor-widget-social-icons\" data-id=\"d663719\" data-element_type=\"widget\" data-settings=\"{&quot;_animation&quot;:&quot;fadeIn&quot;,&quot;_animation_delay&quot;:400}\" data-widget_type=\"social-icons.default\">\n\t\t\t\t<div class=\"elementor-widget-container\">\n\t\t\t\t\t\t\t<div class=\"elementor-social-icons-wrapper elementor-grid\" role=\"list\">\n\t\t\t\t\t\t\t<span class=\"elementor-grid-item\" role=\"listitem\">\n\t\t\t\t\t<a class=\"elementor-icon elementor-social-icon elementor-social-icon-linkedin-in elementor-repeater-item-9ed9f08\" href=\"https:\/\/www.linkedin.com\/in\/anne-de-paula-62285825\/\" target=\"_blank\">\n\t\t\t\t\t\t<span class=\"elementor-screen-only\">Linkedin-in<\/span>\n\t\t\t\t\t\t<svg aria-hidden=\"true\" class=\"e-font-icon-svg e-fab-linkedin-in\" viewbox=\"0 0 448 512\" xmlns=\"http:\/\/www.w3.org\/2000\/svg\"><path d=\"M100.28 448H7.4V148.9h92.88zM53.79 108.1C24.09 108.1 0 83.5 0 53.8a53.79 53.79 0 0 1 107.58 0c0 29.7-24.1 54.3-53.79 54.3zM447.9 448h-92.68V302.4c0-34.7-.7-79.2-48.29-79.2-48.29 0-55.69 37.7-55.69 76.7V448h-92.78V148.9h89.08v40.8h1.3c12.4-23.5 42.69-48.3 87.88-48.3 94 0 111.28 61.9 111.28 142.3V448z\"><\/path><\/svg>\t\t\t\t\t<\/a>\n\t\t\t\t<\/span>\n\t\t\t\t\t\t\t<span class=\"elementor-grid-item\" role=\"listitem\">\n\t\t\t\t\t<a class=\"elementor-icon elementor-social-icon elementor-social-icon-whatsapp elementor-repeater-item-c98d2ba\" href=\"https:\/\/wa.me\/5511974735926\" target=\"_blank\">\n\t\t\t\t\t\t<span class=\"elementor-screen-only\">Whatsapp<\/span>\n\t\t\t\t\t\t<svg aria-hidden=\"true\" class=\"e-font-icon-svg e-fab-whatsapp\" viewbox=\"0 0 448 512\" xmlns=\"http:\/\/www.w3.org\/2000\/svg\"><path d=\"M380.9 97.1C339 55.1 283.2 32 223.9 32c-122.4 0-222 99.6-222 222 0 39.1 10.2 77.3 29.6 111L0 480l117.7-30.9c32.4 17.7 68.9 27 106.1 27h.1c122.3 0 224.1-99.6 224.1-222 0-59.3-25.2-115-67.1-157zm-157 341.6c-33.2 0-65.7-8.9-94-25.7l-6.7-4-69.8 18.3L72 359.2l-4.4-7c-18.5-29.4-28.2-63.3-28.2-98.2 0-101.7 82.8-184.5 184.6-184.5 49.3 0 95.6 19.2 130.4 54.1 34.8 34.9 56.2 81.2 56.1 130.5 0 101.8-84.9 184.6-186.6 184.6zm101.2-138.2c-5.5-2.8-32.8-16.2-37.9-18-5.1-1.9-8.8-2.8-12.5 2.8-3.7 5.6-14.3 18-17.6 21.8-3.2 3.7-6.5 4.2-12 1.4-32.6-16.3-54-29.1-75.5-66-5.7-9.8 5.7-9.1 16.3-30.3 1.8-3.7.9-6.9-.5-9.7-1.4-2.8-12.5-30.1-17.1-41.2-4.5-10.8-9.1-9.3-12.5-9.5-3.2-.2-6.9-.2-10.6-.2-3.7 0-9.7 1.4-14.8 6.9-5.1 5.6-19.4 19-19.4 46.3 0 27.3 19.9 53.7 22.6 57.4 2.8 3.7 39.1 59.7 94.8 83.8 35.2 15.2 49 16.5 66.6 13.9 10.7-1.6 32.8-13.4 37.4-26.4 4.6-13 4.6-24.1 3.2-26.4-1.3-2.5-5-3.9-10.5-6.6z\"><\/path><\/svg>\t\t\t\t\t<\/a>\n\t\t\t\t<\/span>\n\t\t\t\t\t<\/div>\n\t\t\t\t\t\t<\/div>\n\t\t\t\t<\/div>\n\t\t\t\t<\/div>\n\t\t\t\t\t<\/div>\n\t\t\t\t<\/div>\n\t\t<div class=\"elementor-element elementor-element-ee647c2 e-flex e-con-boxed wpr-particle-no wpr-jarallax-no wpr-parallax-no wpr-sticky-section-no e-con e-parent\" data-id=\"ee647c2\" data-element_type=\"container\">\n\t\t\t\t\t<div class=\"e-con-inner\">\n\t\t\t\t<div class=\"elementor-element elementor-element-0a85cde elementor-invisible elementor-widget elementor-widget-heading\" data-id=\"0a85cde\" data-element_type=\"widget\" data-settings=\"{&quot;_animation&quot;:&quot;fadeInLeft&quot;,&quot;_animation_delay&quot;:300}\" data-widget_type=\"heading.default\">\n\t\t\t\t<div class=\"elementor-widget-container\">\n\t\t\t\t\t<h3 class=\"elementor-heading-title elementor-size-default\">About<\/h3>\t\t\t\t<\/div>\n\t\t\t\t<\/div>\n\t\t\t\t<div class=\"elementor-element elementor-element-596993c elementor-widget__width-initial elementor-invisible elementor-widget elementor-widget-text-editor\" data-id=\"596993c\" data-element_type=\"widget\" data-settings=\"{&quot;_animation&quot;:&quot;fadeInLeft&quot;,&quot;_animation_delay&quot;:400}\" data-widget_type=\"text-editor.default\">\n\t\t\t\t<div class=\"elementor-widget-container\">\n\t\t\t\t\t\t\t\t\tAn entrepreneur with over 14 years of experience in HR, primarily as an HRBP and in Organizational Development, specializing in Talent and Leadership Management. She has worked in multinational companies in the oil, energy, agriculture, and consumer goods sectors. For the past five years, she has been a consultant for both national and multinational companies, including Carrefour, Shell, Galp, Magalu, Dasa, Ra\u00edzen, Porto Seguro, Votorantim, and others. Her focus areas are Culture Projects, Performance and Development Management, Executive Assessment, and Training and Mentorship for HR Teams. She is a Design Thinking specialist and an enthusiast of innovation, experimentation, and transformation. She believes in the limitless potential of the human being and that there will always be room for new beginnings, new possibilities, and new paths.\t\t\t\t\t\t\t\t<\/div>\n\t\t\t\t<\/div>\n\t\t\t\t\t<\/div>\n\t\t\t\t<\/div>\n\t\t\t\t<\/div>","protected":false},"excerpt":{"rendered":"<p>Anne de Paula S\u00f3cia CO-Fundadora Linkedin-in Whatsapp Sobre Empreendedora, possui mais de 13 anos de experi\u00eancia em RH atuando principalmente como HRBP e DHO com foco em Gest\u00e3o de Talentos e Lideran\u00e7a. Atuou em empresas multinacionais de petr\u00f3leo, energia, agro e bens de consumo. H\u00e1 5 anos atuo como consultora de empresas nacionais e multinacionais como Carrefour, Shell, Galp, Magalu, Dasa, Ra\u00edzen, Porto Seguro, Votorantim, entre outras, com foco em projetos de Cultura, Gest\u00e3o de Desempenho e Desenvolvimento, Executive Assessment e Capacita\u00e7\u00e3o e Mentoria para Times de RH. \u00c9 especialista em Design Thinking e entusiasta da inova\u00e7\u00e3o, experimenta\u00e7\u00e3o e transforma\u00e7\u00e3o. Acredita no potencial ilimitado do ser humano e que sempre haver\u00e1 recome\u00e7os, novas possibilidades e novos caminhos.<\/p>","protected":false},"author":1,"featured_media":0,"parent":0,"menu_order":0,"comment_status":"closed","ping_status":"closed","template":"","meta":{"_acf_changed":false,"site-sidebar-layout":"no-sidebar","site-content-layout":"","ast-site-content-layout":"full-width-container","site-content-style":"default","site-sidebar-style":"default","ast-global-header-display":"","ast-banner-title-visibility":"","ast-main-header-display":"","ast-hfb-above-header-display":"","ast-hfb-below-header-display":"","ast-hfb-mobile-header-display":"","site-post-title":"disabled","ast-breadcrumbs-content":"","ast-featured-img":"disabled","footer-sml-layout":"","theme-transparent-header-meta":"","adv-header-id-meta":"","stick-header-meta":"","header-above-stick-meta":"","header-main-stick-meta":"","header-below-stick-meta":"","astra-migrate-meta-layouts":"default","ast-page-background-enabled":"default","ast-page-background-meta":{"desktop":{"background-color":"var(--ast-global-color-4)","background-image":"","background-repeat":"repeat","background-position":"center center","background-size":"auto","background-attachment":"scroll","background-type":"","background-media":"","overlay-type":"","overlay-color":"","overlay-opacity":"","overlay-gradient":""},"tablet":{"background-color":"","background-image":"","background-repeat":"repeat","background-position":"center center","background-size":"auto","background-attachment":"scroll","background-type":"","background-media":"","overlay-type":"","overlay-color":"","overlay-opacity":"","overlay-gradient":""},"mobile":{"background-color":"","background-image":"","background-repeat":"repeat","background-position":"center center","background-size":"auto","background-attachment":"scroll","background-type":"","background-media":"","overlay-type":"","overlay-color":"","overlay-opacity":"","overlay-gradient":""}},"ast-content-background-meta":{"desktop":{"background-color":"var(--ast-global-color-5)","background-image":"","background-repeat":"repeat","background-position":"center center","background-size":"auto","background-attachment":"scroll","background-type":"","background-media":"","overlay-type":"","overlay-color":"","overlay-opacity":"","overlay-gradient":""},"tablet":{"background-color":"var(--ast-global-color-5)","background-image":"","background-repeat":"repeat","background-position":"center center","background-size":"auto","background-attachment":"scroll","background-type":"","background-media":"","overlay-type":"","overlay-color":"","overlay-opacity":"","overlay-gradient":""},"mobile":{"background-color":"var(--ast-global-color-5)","background-image":"","background-repeat":"repeat","background-position":"center center","background-size":"auto","background-attachment":"scroll","background-type":"","background-media":"","overlay-type":"","overlay-color":"","overlay-opacity":"","overlay-gradient":""}},"footnotes":""},"class_list":["post-122","page","type-page","status-publish","hentry"],"acf":[],"yoast_head":"<!-- This site is optimized with the Yoast SEO plugin v27.2 - https:\/\/yoast.com\/product\/yoast-seo-wordpress\/ -->\n<title>Anne de Paula - BEEHIVEHUB<\/title>\n<meta name=\"robots\" content=\"index, follow, max-snippet:-1, max-image-preview:large, max-video-preview:-1\" \/>\n<link rel=\"canonical\" href=\"https:\/\/beehivehub.com.br\/en\/anne-de-paula\/\" \/>\n<meta property=\"og:locale\" content=\"en_US\" \/>\n<meta property=\"og:type\" content=\"article\" \/>\n<meta property=\"og:title\" content=\"Anne de Paula - BEEHIVEHUB\" \/>\n<meta property=\"og:description\" content=\"Anne de Paula S\u00f3cia CO-Fundadora Linkedin-in Whatsapp Sobre Empreendedora, possui mais de 13 anos de experi\u00eancia em RH atuando principalmente como HRBP e DHO com foco em Gest\u00e3o de Talentos e Lideran\u00e7a. Atuou em empresas multinacionais de petr\u00f3leo, energia, agro e bens de consumo. H\u00e1 5 anos atuo como consultora de empresas nacionais e multinacionais como Carrefour, Shell, Galp, Magalu, Dasa, Ra\u00edzen, Porto Seguro, Votorantim, entre outras, com foco em projetos de Cultura, Gest\u00e3o de Desempenho e Desenvolvimento, Executive Assessment e Capacita\u00e7\u00e3o e Mentoria para Times de RH. \u00c9 especialista em Design Thinking e entusiasta da inova\u00e7\u00e3o, experimenta\u00e7\u00e3o e transforma\u00e7\u00e3o. Acredita no potencial ilimitado do ser humano e que sempre haver\u00e1 recome\u00e7os, novas possibilidades e novos caminhos.\" \/>\n<meta property=\"og:url\" content=\"https:\/\/beehivehub.com.br\/en\/anne-de-paula\/\" \/>\n<meta property=\"og:site_name\" content=\"BEEHIVEHUB\" \/>\n<meta property=\"article:modified_time\" content=\"2025-01-06T15:08:18+00:00\" \/>\n<meta property=\"og:image\" content=\"https:\/\/beehivehub.com.br\/wp-content\/uploads\/2024\/12\/Anne_Suellen.png\" \/>\n\t<meta property=\"og:image:width\" content=\"396\" \/>\n\t<meta property=\"og:image:height\" content=\"385\" \/>\n\t<meta property=\"og:image:type\" content=\"image\/png\" \/>\n<meta name=\"twitter:card\" content=\"summary_large_image\" \/>\n<meta name=\"twitter:label1\" content=\"Est. reading time\" \/>\n\t<meta name=\"twitter:data1\" content=\"1 minute\" \/>\n<script type=\"application\/ld+json\" class=\"yoast-schema-graph\">{\"@context\":\"https:\/\/schema.org\",\"@graph\":[{\"@type\":\"WebPage\",\"@id\":\"https:\/\/beehivehub.com.br\/anne-de-paula\/\",\"url\":\"https:\/\/beehivehub.com.br\/anne-de-paula\/\",\"name\":\"Anne de Paula - BEEHIVEHUB\",\"isPartOf\":{\"@id\":\"https:\/\/beehivehub.com.br\/#website\"},\"primaryImageOfPage\":{\"@id\":\"https:\/\/beehivehub.com.br\/anne-de-paula\/#primaryimage\"},\"image\":{\"@id\":\"https:\/\/beehivehub.com.br\/anne-de-paula\/#primaryimage\"},\"thumbnailUrl\":\"https:\/\/beehivehub.com.br\/wp-content\/uploads\/2024\/12\/Anne_Suellen.png\",\"datePublished\":\"2024-10-29T21:12:15+00:00\",\"dateModified\":\"2025-01-06T15:08:18+00:00\",\"breadcrumb\":{\"@id\":\"https:\/\/beehivehub.com.br\/anne-de-paula\/#breadcrumb\"},\"inLanguage\":\"en-US\",\"potentialAction\":[{\"@type\":\"ReadAction\",\"target\":[\"https:\/\/beehivehub.com.br\/anne-de-paula\/\"]}]},{\"@type\":\"ImageObject\",\"inLanguage\":\"en-US\",\"@id\":\"https:\/\/beehivehub.com.br\/anne-de-paula\/#primaryimage\",\"url\":\"https:\/\/beehivehub.com.br\/wp-content\/uploads\/2024\/12\/Anne_Suellen.png\",\"contentUrl\":\"https:\/\/beehivehub.com.br\/wp-content\/uploads\/2024\/12\/Anne_Suellen.png\"},{\"@type\":\"BreadcrumbList\",\"@id\":\"https:\/\/beehivehub.com.br\/anne-de-paula\/#breadcrumb\",\"itemListElement\":[{\"@type\":\"ListItem\",\"position\":1,\"name\":\"In\u00edcio\",\"item\":\"https:\/\/beehivehub.com.br\/\"},{\"@type\":\"ListItem\",\"position\":2,\"name\":\"Anne de Paula\"}]},{\"@type\":\"WebSite\",\"@id\":\"https:\/\/beehivehub.com.br\/#website\",\"url\":\"https:\/\/beehivehub.com.br\/\",\"name\":\"BEEHIVEHUB\",\"description\":\"Somos uma consultoria de inova\u00e7\u00e3o em recursos humanos que quer transformar o mundo, desafiando pessoas, organiza\u00e7\u00f5es e comunidades a experimentarem seu potencial pleno, para criarmos realidades extraordin\u00e1rias e sustent\u00e1veis.\",\"publisher\":{\"@id\":\"https:\/\/beehivehub.com.br\/#organization\"},\"potentialAction\":[{\"@type\":\"SearchAction\",\"target\":{\"@type\":\"EntryPoint\",\"urlTemplate\":\"https:\/\/beehivehub.com.br\/?s={search_term_string}\"},\"query-input\":{\"@type\":\"PropertyValueSpecification\",\"valueRequired\":true,\"valueName\":\"search_term_string\"}}],\"inLanguage\":\"en-US\"},{\"@type\":\"Organization\",\"@id\":\"https:\/\/beehivehub.com.br\/#organization\",\"name\":\"BEEHIVEHUB\",\"url\":\"https:\/\/beehivehub.com.br\/\",\"logo\":{\"@type\":\"ImageObject\",\"inLanguage\":\"en-US\",\"@id\":\"https:\/\/beehivehub.com.br\/#\/schema\/logo\/image\/\",\"url\":\"https:\/\/beehivehub.com.br\/wp-content\/uploads\/2025\/01\/Beehive-logo.png\",\"contentUrl\":\"https:\/\/beehivehub.com.br\/wp-content\/uploads\/2025\/01\/Beehive-logo.png\",\"width\":751,\"height\":174,\"caption\":\"BEEHIVEHUB\"},\"image\":{\"@id\":\"https:\/\/beehivehub.com.br\/#\/schema\/logo\/image\/\"}}]}<\/script>\n<!-- \/ Yoast SEO plugin. -->","yoast_head_json":{"title":"Anne de Paula - BEEHIVEHUB","robots":{"index":"index","follow":"follow","max-snippet":"max-snippet:-1","max-image-preview":"max-image-preview:large","max-video-preview":"max-video-preview:-1"},"canonical":"https:\/\/beehivehub.com.br\/en\/anne-de-paula\/","og_locale":"en_US","og_type":"article","og_title":"Anne de Paula - BEEHIVEHUB","og_description":"Anne de Paula S\u00f3cia CO-Fundadora Linkedin-in Whatsapp Sobre Empreendedora, possui mais de 13 anos de experi\u00eancia em RH atuando principalmente como HRBP e DHO com foco em Gest\u00e3o de Talentos e Lideran\u00e7a. Atuou em empresas multinacionais de petr\u00f3leo, energia, agro e bens de consumo. H\u00e1 5 anos atuo como consultora de empresas nacionais e multinacionais como Carrefour, Shell, Galp, Magalu, Dasa, Ra\u00edzen, Porto Seguro, Votorantim, entre outras, com foco em projetos de Cultura, Gest\u00e3o de Desempenho e Desenvolvimento, Executive Assessment e Capacita\u00e7\u00e3o e Mentoria para Times de RH. \u00c9 especialista em Design Thinking e entusiasta da inova\u00e7\u00e3o, experimenta\u00e7\u00e3o e transforma\u00e7\u00e3o. Acredita no potencial ilimitado do ser humano e que sempre haver\u00e1 recome\u00e7os, novas possibilidades e novos caminhos.","og_url":"https:\/\/beehivehub.com.br\/en\/anne-de-paula\/","og_site_name":"BEEHIVEHUB","article_modified_time":"2025-01-06T15:08:18+00:00","og_image":[{"width":396,"height":385,"url":"https:\/\/beehivehub.com.br\/wp-content\/uploads\/2024\/12\/Anne_Suellen.png","type":"image\/png"}],"twitter_card":"summary_large_image","twitter_misc":{"Est. reading time":"1 minute"},"schema":{"@context":"https:\/\/schema.org","@graph":[{"@type":"WebPage","@id":"https:\/\/beehivehub.com.br\/anne-de-paula\/","url":"https:\/\/beehivehub.com.br\/anne-de-paula\/","name":"Anne de Paula - BEEHIVEHUB","isPartOf":{"@id":"https:\/\/beehivehub.com.br\/#website"},"primaryImageOfPage":{"@id":"https:\/\/beehivehub.com.br\/anne-de-paula\/#primaryimage"},"image":{"@id":"https:\/\/beehivehub.com.br\/anne-de-paula\/#primaryimage"},"thumbnailUrl":"https:\/\/beehivehub.com.br\/wp-content\/uploads\/2024\/12\/Anne_Suellen.png","datePublished":"2024-10-29T21:12:15+00:00","dateModified":"2025-01-06T15:08:18+00:00","breadcrumb":{"@id":"https:\/\/beehivehub.com.br\/anne-de-paula\/#breadcrumb"},"inLanguage":"en-US","potentialAction":[{"@type":"ReadAction","target":["https:\/\/beehivehub.com.br\/anne-de-paula\/"]}]},{"@type":"ImageObject","inLanguage":"en-US","@id":"https:\/\/beehivehub.com.br\/anne-de-paula\/#primaryimage","url":"https:\/\/beehivehub.com.br\/wp-content\/uploads\/2024\/12\/Anne_Suellen.png","contentUrl":"https:\/\/beehivehub.com.br\/wp-content\/uploads\/2024\/12\/Anne_Suellen.png"},{"@type":"BreadcrumbList","@id":"https:\/\/beehivehub.com.br\/anne-de-paula\/#breadcrumb","itemListElement":[{"@type":"ListItem","position":1,"name":"In\u00edcio","item":"https:\/\/beehivehub.com.br\/"},{"@type":"ListItem","position":2,"name":"Anne de Paula"}]},{"@type":"WebSite","@id":"https:\/\/beehivehub.com.br\/#website","url":"https:\/\/beehivehub.com.br\/","name":"BEEHIVEHUB","description":"Somos uma consultoria de inova\u00e7\u00e3o em recursos humanos que quer transformar o mundo, desafiando pessoas, organiza\u00e7\u00f5es e comunidades a experimentarem seu potencial pleno, para criarmos realidades extraordin\u00e1rias e sustent\u00e1veis.","publisher":{"@id":"https:\/\/beehivehub.com.br\/#organization"},"potentialAction":[{"@type":"SearchAction","target":{"@type":"EntryPoint","urlTemplate":"https:\/\/beehivehub.com.br\/?s={search_term_string}"},"query-input":{"@type":"PropertyValueSpecification","valueRequired":true,"valueName":"search_term_string"}}],"inLanguage":"en-US"},{"@type":"Organization","@id":"https:\/\/beehivehub.com.br\/#organization","name":"BEEHIVEHUB","url":"https:\/\/beehivehub.com.br\/","logo":{"@type":"ImageObject","inLanguage":"en-US","@id":"https:\/\/beehivehub.com.br\/#\/schema\/logo\/image\/","url":"https:\/\/beehivehub.com.br\/wp-content\/uploads\/2025\/01\/Beehive-logo.png","contentUrl":"https:\/\/beehivehub.com.br\/wp-content\/uploads\/2025\/01\/Beehive-logo.png","width":751,"height":174,"caption":"BEEHIVEHUB"},"image":{"@id":"https:\/\/beehivehub.com.br\/#\/schema\/logo\/image\/"}}]}},"_links":{"self":[{"href":"https:\/\/beehivehub.com.br\/en\/wp-json\/wp\/v2\/pages\/122","targetHints":{"allow":["GET"]}}],"collection":[{"href":"https:\/\/beehivehub.com.br\/en\/wp-json\/wp\/v2\/pages"}],"about":[{"href":"https:\/\/beehivehub.com.br\/en\/wp-json\/wp\/v2\/types\/page"}],"author":[{"embeddable":true,"href":"https:\/\/beehivehub.com.br\/en\/wp-json\/wp\/v2\/users\/1"}],"replies":[{"embeddable":true,"href":"https:\/\/beehivehub.com.br\/en\/wp-json\/wp\/v2\/comments?post=122"}],"version-history":[{"count":34,"href":"https:\/\/beehivehub.com.br\/en\/wp-json\/wp\/v2\/pages\/122\/revisions"}],"predecessor-version":[{"id":1281,"href":"https:\/\/beehivehub.com.br\/en\/wp-json\/wp\/v2\/pages\/122\/revisions\/1281"}],"wp:attachment":[{"href":"https:\/\/beehivehub.com.br\/en\/wp-json\/wp\/v2\/media?parent=122"}],"curies":[{"name":"wp","href":"https:\/\/api.w.org\/{rel}","templated":true}]}}